{"id":640,"date":"2025-01-31T10:09:27","date_gmt":"2025-01-31T10:09:27","guid":{"rendered":"https:\/\/younghotels.nl\/ofertas\/"},"modified":"2026-04-10T08:10:52","modified_gmt":"2026-04-10T08:10:52","slug":"ofertas","status":"publish","type":"page","link":"https:\/\/younghotels.nl\/es\/ofertas\/","title":{"rendered":"Ofertas"},"content":{"rendered":"<p>Explora nuestras ofertas y paquetes exclusivos, dise\u00f1ados para hacer que tu estancia en YOUNG Hotels sea a\u00fan m\u00e1s memorable. Ya sea que est\u00e9s planeando una escapada rom\u00e1ntica, unas vacaciones en familia o un retiro en solitario, tenemos ofertas personalizadas para cada ocasi\u00f3n.<br \/>\nDisfruta de descuentos por reserva anticipada, promociones de temporada o paquetes de experiencias curadas. Descubre la manera perfecta de elevar tu estancia.<\/p>\n","protected":false},"excerpt":{"rendered":"<p>Explora nuestras ofertas y paquetes exclusivos, dise\u00f1ados para hacer que tu estancia en YOUNG Hotels sea a\u00fan m\u00e1s memorable. Ya sea que est\u00e9s planeando una escapada rom\u00e1ntica, unas vacaciones en familia o un retiro en solitario, tenemos ofertas personalizadas para cada ocasi\u00f3n. Disfruta de descuentos por reserva anticipada, promociones de temporada o paquetes de experiencias<\/p>\n","protected":false},"author":1,"featured_media":0,"parent":0,"menu_order":0,"comment_status":"closed","ping_status":"closed","template":"page-templates\/offers.php","meta":{"_acf_changed":false,"footnotes":""},"class_list":["post-640","page","type-page","status-publish","hentry"],"acf":[],"yoast_head":"<!-- This site is optimized with the Yoast SEO plugin v27.1.1 - https:\/\/yoast.com\/product\/yoast-seo-wordpress\/ -->\n<title>Ofertas - Young Hotels<\/title>\n<meta name=\"robots\" content=\"index, follow, max-snippet:-1, max-image-preview:large, max-video-preview:-1\" \/>\n<link rel=\"canonical\" href=\"https:\/\/younghotels.nl\/es\/ofertas\/\" \/>\n<meta property=\"og:locale\" content=\"es_ES\" \/>\n<meta property=\"og:type\" content=\"article\" \/>\n<meta property=\"og:title\" content=\"Ofertas - Young Hotels\" \/>\n<meta property=\"og:description\" content=\"Explora nuestras ofertas y paquetes exclusivos, dise\u00f1ados para hacer que tu estancia en YOUNG Hotels sea a\u00fan m\u00e1s memorable. Ya sea que est\u00e9s planeando una escapada rom\u00e1ntica, unas vacaciones en familia o un retiro en solitario, tenemos ofertas personalizadas para cada ocasi\u00f3n. Disfruta de descuentos por reserva anticipada, promociones de temporada o paquetes de experiencias\" \/>\n<meta property=\"og:url\" content=\"https:\/\/younghotels.nl\/es\/ofertas\/\" \/>\n<meta property=\"og:site_name\" content=\"Young Hotels\" \/>\n<meta property=\"article:modified_time\" content=\"2026-04-10T08:10:52+00:00\" \/>\n<meta name=\"twitter:card\" content=\"summary_large_image\" \/>\n<meta name=\"twitter:label1\" content=\"Tiempo de lectura\" \/>\n\t<meta name=\"twitter:data1\" content=\"2 minutos\" \/>\n<script type=\"application\/ld+json\" class=\"yoast-schema-graph\">{\"@context\":\"https:\/\/schema.org\",\"@graph\":[{\"@type\":\"WebPage\",\"@id\":\"https:\/\/younghotels.nl\/es\/ofertas\/\",\"url\":\"https:\/\/younghotels.nl\/es\/ofertas\/\",\"name\":\"Ofertas - Young Hotels\",\"isPartOf\":{\"@id\":\"https:\/\/younghotels.nl\/es\/#website\"},\"datePublished\":\"2025-01-31T10:09:27+00:00\",\"dateModified\":\"2026-04-10T08:10:52+00:00\",\"breadcrumb\":{\"@id\":\"https:\/\/younghotels.nl\/es\/ofertas\/#breadcrumb\"},\"inLanguage\":\"es\",\"potentialAction\":[{\"@type\":\"ReadAction\",\"target\":[\"https:\/\/younghotels.nl\/es\/ofertas\/\"]}]},{\"@type\":\"BreadcrumbList\",\"@id\":\"https:\/\/younghotels.nl\/es\/ofertas\/#breadcrumb\",\"itemListElement\":[{\"@type\":\"ListItem\",\"position\":1,\"name\":\"Home\",\"item\":\"https:\/\/younghotels.nl\/es\/\"},{\"@type\":\"ListItem\",\"position\":2,\"name\":\"Ofertas\"}]},{\"@type\":\"WebSite\",\"@id\":\"https:\/\/younghotels.nl\/es\/#website\",\"url\":\"https:\/\/younghotels.nl\/es\/\",\"name\":\"Young Hotels\",\"description\":\"\",\"potentialAction\":[{\"@type\":\"SearchAction\",\"target\":{\"@type\":\"EntryPoint\",\"urlTemplate\":\"https:\/\/younghotels.nl\/es\/?s={search_term_string}\"},\"query-input\":{\"@type\":\"PropertyValueSpecification\",\"valueRequired\":true,\"valueName\":\"search_term_string\"}}],\"inLanguage\":\"es\"}]}<\/script>\n<!-- \/ Yoast SEO plugin. -->","yoast_head_json":{"title":"Ofertas - Young Hotels","robots":{"index":"index","follow":"follow","max-snippet":"max-snippet:-1","max-image-preview":"max-image-preview:large","max-video-preview":"max-video-preview:-1"},"canonical":"https:\/\/younghotels.nl\/es\/ofertas\/","og_locale":"es_ES","og_type":"article","og_title":"Ofertas - Young Hotels","og_description":"Explora nuestras ofertas y paquetes exclusivos, dise\u00f1ados para hacer que tu estancia en YOUNG Hotels sea a\u00fan m\u00e1s memorable. Ya sea que est\u00e9s planeando una escapada rom\u00e1ntica, unas vacaciones en familia o un retiro en solitario, tenemos ofertas personalizadas para cada ocasi\u00f3n. Disfruta de descuentos por reserva anticipada, promociones de temporada o paquetes de experiencias","og_url":"https:\/\/younghotels.nl\/es\/ofertas\/","og_site_name":"Young Hotels","article_modified_time":"2026-04-10T08:10:52+00:00","twitter_card":"summary_large_image","twitter_misc":{"Tiempo de lectura":"2 minutos"},"schema":{"@context":"https:\/\/schema.org","@graph":[{"@type":"WebPage","@id":"https:\/\/younghotels.nl\/es\/ofertas\/","url":"https:\/\/younghotels.nl\/es\/ofertas\/","name":"Ofertas - Young Hotels","isPartOf":{"@id":"https:\/\/younghotels.nl\/es\/#website"},"datePublished":"2025-01-31T10:09:27+00:00","dateModified":"2026-04-10T08:10:52+00:00","breadcrumb":{"@id":"https:\/\/younghotels.nl\/es\/ofertas\/#breadcrumb"},"inLanguage":"es","potentialAction":[{"@type":"ReadAction","target":["https:\/\/younghotels.nl\/es\/ofertas\/"]}]},{"@type":"BreadcrumbList","@id":"https:\/\/younghotels.nl\/es\/ofertas\/#breadcrumb","itemListElement":[{"@type":"ListItem","position":1,"name":"Home","item":"https:\/\/younghotels.nl\/es\/"},{"@type":"ListItem","position":2,"name":"Ofertas"}]},{"@type":"WebSite","@id":"https:\/\/younghotels.nl\/es\/#website","url":"https:\/\/younghotels.nl\/es\/","name":"Young Hotels","description":"","potentialAction":[{"@type":"SearchAction","target":{"@type":"EntryPoint","urlTemplate":"https:\/\/younghotels.nl\/es\/?s={search_term_string}"},"query-input":{"@type":"PropertyValueSpecification","valueRequired":true,"valueName":"search_term_string"}}],"inLanguage":"es"}]}},"_links":{"self":[{"href":"https:\/\/younghotels.nl\/es\/wp-json\/wp\/v2\/pages\/640","targetHints":{"allow":["GET"]}}],"collection":[{"href":"https:\/\/younghotels.nl\/es\/wp-json\/wp\/v2\/pages"}],"about":[{"href":"https:\/\/younghotels.nl\/es\/wp-json\/wp\/v2\/types\/page"}],"author":[{"embeddable":true,"href":"https:\/\/younghotels.nl\/es\/wp-json\/wp\/v2\/users\/1"}],"replies":[{"embeddable":true,"href":"https:\/\/younghotels.nl\/es\/wp-json\/wp\/v2\/comments?post=640"}],"version-history":[{"count":3,"href":"https:\/\/younghotels.nl\/es\/wp-json\/wp\/v2\/pages\/640\/revisions"}],"predecessor-version":[{"id":1678,"href":"https:\/\/younghotels.nl\/es\/wp-json\/wp\/v2\/pages\/640\/revisions\/1678"}],"wp:attachment":[{"href":"https:\/\/younghotels.nl\/es\/wp-json\/wp\/v2\/media?parent=640"}],"curies":[{"name":"wp","href":"https:\/\/api.w.org\/{rel}","templated":true}]}}